{"id":346,"date":"2020-09-10T14:42:05","date_gmt":"2020-09-10T11:42:05","guid":{"rendered":"https:\/\/echoengineering.fi\/?page_id=346"},"modified":"2020-09-10T14:44:10","modified_gmt":"2020-09-10T11:44:10","slug":"showjob","status":"publish","type":"page","link":"https:\/\/echoengineering.fi\/en\/showjob\/","title":{"rendered":"job"},"content":{"rendered":"<p>[NaytaTyopaikka]<\/p>\n","protected":false},"excerpt":{"rendered":"<p>[NaytaTyopaikka]<\/p>\n","protected":false},"author":1,"featured_media":0,"parent":0,"menu_order":0,"comment_status":"closed","ping_status":"closed","template":"","meta":{"_et_pb_use_builder":"","_et_pb_old_content":"","_et_gb_content_width":"","footnotes":""},"class_list":["post-346","page","type-page","status-publish","hentry"],"yoast_head":"<!-- This site is optimized with the Yoast SEO plugin v27.1.1 - https:\/\/yoast.com\/product\/yoast-seo-wordpress\/ -->\n<title>job - ECHO Engineering<\/title>\n<meta name=\"robots\" content=\"index, follow, max-snippet:-1, max-image-preview:large, max-video-preview:-1\" \/>\n<link rel=\"canonical\" href=\"https:\/\/echoengineering.fi\/en\/showjob\/\" \/>\n<meta property=\"og:locale\" content=\"en_US\" \/>\n<meta property=\"og:type\" content=\"article\" \/>\n<meta property=\"og:title\" content=\"job - ECHO Engineering\" \/>\n<meta property=\"og:description\" content=\"[NaytaTyopaikka]\" \/>\n<meta property=\"og:url\" content=\"https:\/\/echoengineering.fi\/en\/showjob\/\" \/>\n<meta property=\"og:site_name\" content=\"ECHO Engineering\" \/>\n<meta property=\"article:modified_time\" content=\"2020-09-10T11:44:10+00:00\" \/>\n<meta name=\"twitter:card\" content=\"summary_large_image\" \/>\n<script type=\"application\/ld+json\" class=\"yoast-schema-graph\">{\"@context\":\"https:\/\/schema.org\",\"@graph\":[{\"@type\":\"WebPage\",\"@id\":\"https:\/\/echoengineering.fi\/en\/showjob\/\",\"url\":\"https:\/\/echoengineering.fi\/en\/showjob\/\",\"name\":\"job - ECHO Engineering\",\"isPartOf\":{\"@id\":\"https:\/\/echoengineering.fi\/#website\"},\"datePublished\":\"2020-09-10T11:42:05+00:00\",\"dateModified\":\"2020-09-10T11:44:10+00:00\",\"breadcrumb\":{\"@id\":\"https:\/\/echoengineering.fi\/en\/showjob\/#breadcrumb\"},\"inLanguage\":\"en-US\",\"potentialAction\":[{\"@type\":\"ReadAction\",\"target\":[\"https:\/\/echoengineering.fi\/en\/showjob\/\"]}]},{\"@type\":\"BreadcrumbList\",\"@id\":\"https:\/\/echoengineering.fi\/en\/showjob\/#breadcrumb\",\"itemListElement\":[{\"@type\":\"ListItem\",\"position\":1,\"name\":\"Home\",\"item\":\"https:\/\/echoengineering.fi\/en\/\"},{\"@type\":\"ListItem\",\"position\":2,\"name\":\"job\"}]},{\"@type\":\"WebSite\",\"@id\":\"https:\/\/echoengineering.fi\/#website\",\"url\":\"https:\/\/echoengineering.fi\/\",\"name\":\"ECHO Engineering\",\"description\":\"Insin\u00f6\u00f6rien tunteminen on meid\u00e4n ty\u00f6t\u00e4mme.\",\"potentialAction\":[{\"@type\":\"SearchAction\",\"target\":{\"@type\":\"EntryPoint\",\"urlTemplate\":\"https:\/\/echoengineering.fi\/?s={search_term_string}\"},\"query-input\":{\"@type\":\"PropertyValueSpecification\",\"valueRequired\":true,\"valueName\":\"search_term_string\"}}],\"inLanguage\":\"en-US\"}]}<\/script>\n<!-- \/ Yoast SEO plugin. -->","yoast_head_json":{"title":"job - ECHO Engineering","robots":{"index":"index","follow":"follow","max-snippet":"max-snippet:-1","max-image-preview":"max-image-preview:large","max-video-preview":"max-video-preview:-1"},"canonical":"https:\/\/echoengineering.fi\/en\/showjob\/","og_locale":"en_US","og_type":"article","og_title":"job - ECHO Engineering","og_description":"[NaytaTyopaikka]","og_url":"https:\/\/echoengineering.fi\/en\/showjob\/","og_site_name":"ECHO Engineering","article_modified_time":"2020-09-10T11:44:10+00:00","twitter_card":"summary_large_image","schema":{"@context":"https:\/\/schema.org","@graph":[{"@type":"WebPage","@id":"https:\/\/echoengineering.fi\/en\/showjob\/","url":"https:\/\/echoengineering.fi\/en\/showjob\/","name":"job - ECHO Engineering","isPartOf":{"@id":"https:\/\/echoengineering.fi\/#website"},"datePublished":"2020-09-10T11:42:05+00:00","dateModified":"2020-09-10T11:44:10+00:00","breadcrumb":{"@id":"https:\/\/echoengineering.fi\/en\/showjob\/#breadcrumb"},"inLanguage":"en-US","potentialAction":[{"@type":"ReadAction","target":["https:\/\/echoengineering.fi\/en\/showjob\/"]}]},{"@type":"BreadcrumbList","@id":"https:\/\/echoengineering.fi\/en\/showjob\/#breadcrumb","itemListElement":[{"@type":"ListItem","position":1,"name":"Home","item":"https:\/\/echoengineering.fi\/en\/"},{"@type":"ListItem","position":2,"name":"job"}]},{"@type":"WebSite","@id":"https:\/\/echoengineering.fi\/#website","url":"https:\/\/echoengineering.fi\/","name":"ECHO Engineering","description":"Insin\u00f6\u00f6rien tunteminen on meid\u00e4n ty\u00f6t\u00e4mme.","potentialAction":[{"@type":"SearchAction","target":{"@type":"EntryPoint","urlTemplate":"https:\/\/echoengineering.fi\/?s={search_term_string}"},"query-input":{"@type":"PropertyValueSpecification","valueRequired":true,"valueName":"search_term_string"}}],"inLanguage":"en-US"}]}},"_links":{"self":[{"href":"https:\/\/echoengineering.fi\/en\/wp-json\/wp\/v2\/pages\/346","targetHints":{"allow":["GET"]}}],"collection":[{"href":"https:\/\/echoengineering.fi\/en\/wp-json\/wp\/v2\/pages"}],"about":[{"href":"https:\/\/echoengineering.fi\/en\/wp-json\/wp\/v2\/types\/page"}],"author":[{"embeddable":true,"href":"https:\/\/echoengineering.fi\/en\/wp-json\/wp\/v2\/users\/1"}],"replies":[{"embeddable":true,"href":"https:\/\/echoengineering.fi\/en\/wp-json\/wp\/v2\/comments?post=346"}],"version-history":[{"count":2,"href":"https:\/\/echoengineering.fi\/en\/wp-json\/wp\/v2\/pages\/346\/revisions"}],"predecessor-version":[{"id":348,"href":"https:\/\/echoengineering.fi\/en\/wp-json\/wp\/v2\/pages\/346\/revisions\/348"}],"wp:attachment":[{"href":"https:\/\/echoengineering.fi\/en\/wp-json\/wp\/v2\/media?parent=346"}],"curies":[{"name":"wp","href":"https:\/\/api.w.org\/{rel}","templated":true}]}}